{"id":3,"date":"2025-04-22T16:44:14","date_gmt":"2025-04-22T13:44:14","guid":{"rendered":"https:\/\/euroburc.com.tr\/?page_id=3"},"modified":"2025-07-17T08:02:23","modified_gmt":"2025-07-17T05:02:23","slug":"gizlilik-ilkesi","status":"publish","type":"page","link":"https:\/\/euroburc.com.tr\/en\/gizlilik-ilkesi\/","title":{"rendered":"Privacy Policy"},"content":{"rendered":"<div data-elementor-type=\"wp-page\" data-elementor-id=\"3\" class=\"elementor elementor-3\">\n\t\t\t\t<div class=\"wd-negative-gap elementor-element elementor-element-723f8453 e-flex e-con-boxed e-con e-parent\" data-id=\"723f8453\" data-element_type=\"container\" data-e-type=\"container\">\n\t\t\t\t\t<div class=\"e-con-inner\">\n\t\t\t\t<div class=\"elementor-element elementor-element-2d6f9256 color-scheme-inherit text-left elementor-widget elementor-widget-text-editor\" data-id=\"2d6f9256\" data-element_type=\"widget\" data-e-type=\"widget\" data-widget_type=\"text-editor.default\">\n\t\t\t\t<div class=\"elementor-widget-container\">\n\t\t\t\t\t\t\t\t\t\n<div class=\"hero-section is-width-constrained\" data-type=\"type-1\"><header class=\"entry-header\">\n<h1 class=\"page-title wp-block-heading\" title=\"Privacy Policy\">Privacy Policy<\/h1>\n<\/header><\/div>\n<div class=\"entry-content is-layout-constrained\">\n<div class=\"elementor elementor-1770\" data-elementor-type=\"wp-page\" data-elementor-id=\"1770\">\n<div class=\"elementor-element elementor-element-203271a3 e-flex e-con-boxed e-con e-parent e-lazyloaded\" data-id=\"203271a3\" data-element_type=\"container\">\n<div class=\"e-con-inner\">\n<div class=\"elementor-element elementor-element-54f3f9f2 elementor-widget elementor-widget-text-editor\" data-id=\"54f3f9f2\" data-element_type=\"widget\" data-widget_type=\"text-editor.default\">\n<div class=\"elementor-widget-container\">\n<p>Euroburc, daha iyi hizmet verebilmek amac\u0131yla birtak\u0131m ki\u015fisel bilgileri (isim, e-posta, cep telefonu vb.) sizlerden talep etmektedir. Unutulmamal\u0131d\u0131r ki, ki\u015fisel bilgilerinizin korunmas\u0131 ve \u00f6deme s\u0131ras\u0131ndaki g\u00fcvenli\u011finiz bizler i\u00e7in \u00e7ok \u00f6nemlidir.<\/p>\n<p>Euroburc, \u00fcyelik formlar\u0131ndan toplad\u0131\u011f\u0131 bilgileri; Euroburc ileti\u015fimi harici herhangi bir kapsamda, s\u00f6z konusu \u00fcyenin haberi olmadan ya da aksi bir talimat vermeden faaliyet d\u0131\u015f\u0131 hi\u00e7bir nedenle ticari ama\u00e7la kullanmamaktad\u0131r.<\/p>\n<p>Sipari\u015flerin en iyi \u015fekilde kar\u015f\u0131lanmas\u0131 i\u00e7in, i\u015fin tamamlanmas\u0131na y\u00f6nelik bilgiler Euroburc\u2019da saklan\u0131r ve gerekti\u011finde teslimat s\u0131ras\u0131nda lojistik\u00a0 firmalar\u0131na aktar\u0131l\u0131r. M\u00fc\u015fteri bilgileri, yeni sat\u0131\u015f kampanyalar\u0131 hakk\u0131nda bilgi vermek, \u00fcr\u00fcn ve hizmet sunumunu iyile\u015ftirmek \u00fczere saklar ve kullan\u0131r.<\/p>\n<p>\u00d6demenin ger\u00e7ekle\u015ftirilmesi i\u00e7in gerekli olan bilgiler (\u00f6rne\u011fin; kredi kart\u0131 numaras\u0131 ) Euroburc taraf\u0131ndan saklanmamaktad\u0131r. Bu bilgiler anla\u015fmal\u0131 olarak kulland\u0131\u011f\u0131m\u0131z sistemin yap\u0131s\u0131nda bulunan bankalara direk olarak aktar\u0131lmaktad\u0131r. Euroburc kullan\u0131c\u0131lar\u0131n\u0131n g\u00fcvenli bir \u015fekilde bilgilerini i\u015fleyebilmeleri i\u00e7in, SSL-Tabanl\u0131 128-Bit \u015fifreleme yap\u0131s\u0131 kullanmaktad\u0131r.<\/p>\n<p>Kullan\u0131c\u0131lar Euroburc\u2019da kendileri hakk\u0131nda hangi bilgilerin saklanm\u0131\u015f oldu\u011funu \u00f6\u011frenmek i\u00e7in yaz\u0131l\u0131 bilgi talep edebilirler. Olas\u0131 d\u00fczeltmeler, engellemeler veya bilgilerin silinmesi hakk\u0131ndaki talepleriniz (yasalar\u0131n \u00f6ng\u00f6rd\u00fc\u011f\u00fc \u00f6l\u00e7\u00fcde) derhal i\u015fleme al\u0131nmaktad\u0131r.<\/p>\n<p>Deste\u011fe ihtiyac\u0131n\u0131z oldu\u011fu anda info@euroburc.com.tr \u2018den bizlerle ileti\u015fime ge\u00e7ebilirsiniz.<\/p>\n<p>Sayg\u0131lar\u0131m\u0131zla<\/p>\n<\/div>\n<\/div>\n<\/div>\n<\/div>\n<\/div>\n<\/div>\t\t\t\t\t\t\t\t<\/div>\n\t\t\t\t<\/div>\n\t\t\t\t\t<\/div>\n\t\t\t\t<\/div>\n\t\t\t\t<\/div>","protected":false},"excerpt":{"rendered":"<p>Gizlilik Politikas\u0131 Euroburc, daha iyi hizmet verebilmek amac\u0131yla birtak\u0131m ki\u015fisel bilgileri (isim, e-posta, cep telefonu vb.) sizlerden talep etmektedir. Unutulmamal\u0131d\u0131r<\/p>","protected":false},"author":1,"featured_media":0,"parent":0,"menu_order":0,"comment_status":"closed","ping_status":"closed","template":"","meta":{"footnotes":""},"class_list":["post-3","page","type-page","status-publish","hentry"],"_links":{"self":[{"href":"https:\/\/euroburc.com.tr\/en\/wp-json\/wp\/v2\/pages\/3","targetHints":{"allow":["GET"]}}],"collection":[{"href":"https:\/\/euroburc.com.tr\/en\/wp-json\/wp\/v2\/pages"}],"about":[{"href":"https:\/\/euroburc.com.tr\/en\/wp-json\/wp\/v2\/types\/page"}],"author":[{"embeddable":true,"href":"https:\/\/euroburc.com.tr\/en\/wp-json\/wp\/v2\/users\/1"}],"replies":[{"embeddable":true,"href":"https:\/\/euroburc.com.tr\/en\/wp-json\/wp\/v2\/comments?post=3"}],"version-history":[{"count":15,"href":"https:\/\/euroburc.com.tr\/en\/wp-json\/wp\/v2\/pages\/3\/revisions"}],"predecessor-version":[{"id":16718,"href":"https:\/\/euroburc.com.tr\/en\/wp-json\/wp\/v2\/pages\/3\/revisions\/16718"}],"wp:attachment":[{"href":"https:\/\/euroburc.com.tr\/en\/wp-json\/wp\/v2\/media?parent=3"}],"curies":[{"name":"wp","href":"https:\/\/api.w.org\/{rel}","templated":true}]}}