{"id":8868,"date":"2021-11-04T17:37:10","date_gmt":"2021-11-04T17:37:10","guid":{"rendered":"http:\/\/dummy.xtemos.com\/woodmart2\/elementor\/?page_id=8868"},"modified":"2025-10-17T04:25:35","modified_gmt":"2025-10-17T01:25:35","slug":"maintenance","status":"publish","type":"page","link":"https:\/\/euroburc.com.tr\/en\/maintenance\/","title":{"rendered":"Maintenance"},"content":{"rendered":"<div data-elementor-type=\"wp-page\" data-elementor-id=\"8868\" class=\"elementor elementor-8868\">\n\t\t\t\t<div class=\"wd-negative-gap elementor-element elementor-element-7e75075 wd-section-stretch-content e-flex e-con-boxed e-con e-parent\" data-id=\"7e75075\" data-element_type=\"container\" data-e-type=\"container\" data-settings=\"{&quot;background_background&quot;:&quot;classic&quot;}\">\n\t\t\t\t\t<div class=\"e-con-inner\">\n\t\t<div class=\"elementor-element elementor-element-a4d3886 e-con-full e-flex e-con e-child\" data-id=\"a4d3886\" data-element_type=\"container\" data-e-type=\"container\">\n\t\t\t\t<div class=\"elementor-element elementor-element-6ea5916 wd-width-100 elementor-widget elementor-widget-wd_title\" data-id=\"6ea5916\" data-element_type=\"widget\" data-e-type=\"widget\" data-widget_type=\"wd_title.default\">\n\t\t\t\t<div class=\"elementor-widget-container\">\n\t\t\t\t\t\t\t<div class=\"title-wrapper set-mb-s reset-last-child wd-title-color-default wd-title-style-default wd-title-size-extra-large text-center\">\n\n\t\t\t\n\t\t\t<div class=\"liner-continer\">\n\t\t\t\t<h4 class=\"woodmart-title-container title wd-fontsize-xxxl\">\u00c7ok Yak\u0131nda<\/h4> \n\t\t\t\t\t\t\t<\/div>\n\n\t\t\t\t\t\t\t<div class=\"title-after_title set-cont-mb-s reset-last-child wd-fontsize-s\">\n\t\t\t\t\t<p>\u00a0<\/p><p>Sitemiz \u015fuan bak\u0131m modunda \u00e7ok yak\u0131nda sizlerle olacak<\/p>\t\t\t\t<\/div>\n\t\t\t\t\t<\/div>\n\t\t\t\t\t\t<\/div>\n\t\t\t\t<\/div>\n\t\t\t\t<div class=\"elementor-element elementor-element-31c02df elementor-widget elementor-widget-wd_countdown_timer\" data-id=\"31c02df\" data-element_type=\"widget\" data-e-type=\"widget\" data-widget_type=\"wd_countdown_timer.default\">\n\t\t\t\t<div class=\"elementor-widget-container\">\n\t\t\t\t\t\t\t<div class=\"wd-countdown-timer color-scheme-dark text-center\">\n\t\t\t<div class=\"wd-timer timer-size-large timer-style-standard\" data-end-date=\"2025-04-30 00:00\" data-timezone=\"GMT\" data-hide-on-finish=\"\">\n\t\t\t\t<span class=\"countdown-days\">\n\t\t\t\t\t<span class=\"wd-timer-value\">\n\t\t\t\t\t\t0\n\t\t\t\t\t<\/span>\n\t\t\t\t\t<span class=\"wd-timer-text\">\n\t\t\t\t\t\tdays\t\t\t\t\t<\/span>\n\t\t\t\t<\/span>\n\t\t\t\t<span class=\"countdown-hours\">\n\t\t\t\t\t<span class=\"wd-timer-value\">\n\t\t\t\t\t\t00\n\t\t\t\t\t<\/span>\n\t\t\t\t\t<span class=\"wd-timer-text\">\n\t\t\t\t\t\thr\t\t\t\t\t<\/span>\n\t\t\t\t<\/span>\n\t\t\t\t<span class=\"countdown-min\">\n\t\t\t\t\t<span class=\"wd-timer-value\">\n\t\t\t\t\t\t00\n\t\t\t\t\t<\/span>\n\t\t\t\t\t<span class=\"wd-timer-text\">\n\t\t\t\t\t\tmin\t\t\t\t\t<\/span>\n\t\t\t\t<\/span>\n\t\t\t\t<span class=\"countdown-sec\">\n\t\t\t\t\t<span class=\"wd-timer-value\">\n\t\t\t\t\t\t00\n\t\t\t\t\t<\/span>\n\t\t\t\t\t<span class=\"wd-timer-text\">\n\t\t\t\t\t\tsc\t\t\t\t\t<\/span>\n\t\t\t\t<\/span>\n\t\t\t<\/div>\n\t\t<\/div>\n\t\t\t\t\t\t<\/div>\n\t\t\t\t<\/div>\n\t\t\t\t<div class=\"elementor-element elementor-element-9cd3cbf elementor-widget elementor-widget-wd_social_buttons\" data-id=\"9cd3cbf\" data-element_type=\"widget\" data-e-type=\"widget\" data-widget_type=\"wd_social_buttons.default\">\n\t\t\t\t<div class=\"elementor-widget-container\">\n\t\t\t\t\t\n\t\t\t<div class=\"wd-social-icons icons-design-colored icons-size-default color-scheme-dark social-follow social-form-circle text-center\">\n\n\t\t\t\t\n\t\t\t\t\n\t\t\t\t\n\t\t\t\t\n\t\t\t\t\t\t\t\t\t<a rel=\"noopener noreferrer nofollow\" href=\"https:\/\/www.instagram.com\/canmakotomotiv\" target=\"_blank\" class=\"wd-social-icon social-instagram\" aria-label=\"Instagram social link\">\n\t\t\t\t\t\t<span class=\"wd-icon\"><\/span>\n\t\t\t\t\t\t\t\t\t\t\t<\/a>\n\t\t\t\t\n\t\t\t\t\t\t\t\t\t<a rel=\"noopener noreferrer nofollow\" href=\"https:\/\/www.youtube.com\/watch?v=atra3AVydyM\" target=\"_blank\" class=\"wd-social-icon social-youtube\" aria-label=\"YouTube social link\">\n\t\t\t\t\t\t<span class=\"wd-icon\"><\/span>\n\t\t\t\t\t\t\t\t\t\t\t<\/a>\n\t\t\t\t\n\t\t\t\t\n\t\t\t\t\n\t\t\t\t\n\t\t\t\t\n\t\t\t\t\n\t\t\t\t\n\t\t\t\t\n\t\t\t\t\n\t\t\t\t\n\t\t\t\t\n\t\t\t\t\n\t\t\t\t\n\t\t\t\t\t\t\t\t\n\t\t\t\t\t\t\t\t\n\t\t\t\t\n\t\t\t\t\n\t\t\t\t\n\t\t\t\t\t\t\t\t\n\t\t\t\t\n\t\t\t<\/div>\n\n\t\t\t\t\t\t<\/div>\n\t\t\t\t<\/div>\n\t\t\t\t<\/div>\n\t\t<div class=\"elementor-element elementor-element-6c3f5b4 elementor-hidden-tablet elementor-hidden-mobile e-con-full e-flex e-con e-child\" data-id=\"6c3f5b4\" data-element_type=\"container\" data-e-type=\"container\" data-settings=\"{&quot;background_background&quot;:&quot;classic&quot;}\">\n\t\t\t\t<\/div>\n\t\t\t\t\t<\/div>\n\t\t\t\t<\/div>\n\t\t\t\t<\/div>","protected":false},"excerpt":{"rendered":"<p>\u00c7ok Yak\u0131nda \u00a0 Sitemiz \u015fuan bak\u0131m modunda \u00e7ok yak\u0131nda sizlerle olacak 0 days 00 hr 00 min 00 sc<\/p>","protected":false},"author":1,"featured_media":0,"parent":0,"menu_order":0,"comment_status":"closed","ping_status":"closed","template":"maintenance.php","meta":{"footnotes":""},"class_list":["post-8868","page","type-page","status-publish","hentry"],"_links":{"self":[{"href":"https:\/\/euroburc.com.tr\/en\/wp-json\/wp\/v2\/pages\/8868","targetHints":{"allow":["GET"]}}],"collection":[{"href":"https:\/\/euroburc.com.tr\/en\/wp-json\/wp\/v2\/pages"}],"about":[{"href":"https:\/\/euroburc.com.tr\/en\/wp-json\/wp\/v2\/types\/page"}],"author":[{"embeddable":true,"href":"https:\/\/euroburc.com.tr\/en\/wp-json\/wp\/v2\/users\/1"}],"replies":[{"embeddable":true,"href":"https:\/\/euroburc.com.tr\/en\/wp-json\/wp\/v2\/comments?post=8868"}],"version-history":[{"count":7,"href":"https:\/\/euroburc.com.tr\/en\/wp-json\/wp\/v2\/pages\/8868\/revisions"}],"predecessor-version":[{"id":16424,"href":"https:\/\/euroburc.com.tr\/en\/wp-json\/wp\/v2\/pages\/8868\/revisions\/16424"}],"wp:attachment":[{"href":"https:\/\/euroburc.com.tr\/en\/wp-json\/wp\/v2\/media?parent=8868"}],"curies":[{"name":"wp","href":"https:\/\/api.w.org\/{rel}","templated":true}]}}