{"id":22614,"date":"2025-11-28T18:02:10","date_gmt":"2025-11-28T15:02:10","guid":{"rendered":"https:\/\/euroburc.com.tr\/urun\/makas-lastigi-2\/"},"modified":"2026-01-19T09:35:39","modified_gmt":"2026-01-19T06:35:39","slug":"makas-lastigi-2","status":"publish","type":"product","link":"https:\/\/euroburc.com.tr\/en\/product\/makas-lastigi-2\/","title":{"rendered":"C.01.0707 &#8211; MAKAS  LAST\u0130\u011e\u0130"},"content":{"rendered":"<p>SPRING RUBBER<\/p>","protected":false},"excerpt":{"rendered":"<p>SPRING RUBBER<\/p>","protected":false},"featured_media":23000,"template":"","meta":[],"product_brand":[],"product_cat":[103],"product_tag":[],"class_list":{"0":"post-22614","1":"product","2":"type-product","3":"status-publish","4":"has-post-thumbnail","6":"product_cat-mercedes","8":"first","9":"instock","10":"shipping-taxable","11":"product-type-simple"},"_links":{"self":[{"href":"https:\/\/euroburc.com.tr\/en\/wp-json\/wp\/v2\/product\/22614","targetHints":{"allow":["GET"]}}],"collection":[{"href":"https:\/\/euroburc.com.tr\/en\/wp-json\/wp\/v2\/product"}],"about":[{"href":"https:\/\/euroburc.com.tr\/en\/wp-json\/wp\/v2\/types\/product"}],"version-history":[{"count":1,"href":"https:\/\/euroburc.com.tr\/en\/wp-json\/wp\/v2\/product\/22614\/revisions"}],"predecessor-version":[{"id":23001,"href":"https:\/\/euroburc.com.tr\/en\/wp-json\/wp\/v2\/product\/22614\/revisions\/23001"}],"wp:featuredmedia":[{"embeddable":true,"href":"https:\/\/euroburc.com.tr\/en\/wp-json\/wp\/v2\/media\/23000"}],"wp:attachment":[{"href":"https:\/\/euroburc.com.tr\/en\/wp-json\/wp\/v2\/media?parent=22614"}],"wp:term":[{"taxonomy":"product_brand","embeddable":true,"href":"https:\/\/euroburc.com.tr\/en\/wp-json\/wp\/v2\/product_brand?post=22614"},{"taxonomy":"product_cat","embeddable":true,"href":"https:\/\/euroburc.com.tr\/en\/wp-json\/wp\/v2\/product_cat?post=22614"},{"taxonomy":"product_tag","embeddable":true,"href":"https:\/\/euroburc.com.tr\/en\/wp-json\/wp\/v2\/product_tag?post=22614"}],"curies":[{"name":"wp","href":"https:\/\/api.w.org\/{rel}","templated":true}]}}