{"id":22628,"date":"2025-11-28T18:02:29","date_gmt":"2025-11-28T15:02:29","guid":{"rendered":"https:\/\/euroburc.com.tr\/urun\/makas-lastigi-6\/"},"modified":"2026-01-19T10:44:19","modified_gmt":"2026-01-19T07:44:19","slug":"makas-lastigi-6","status":"publish","type":"product","link":"https:\/\/euroburc.com.tr\/en\/product\/makas-lastigi-6\/","title":{"rendered":"C.01.0725 &#8211; MAKAS LAST\u0130\u011e\u0130"},"content":{"rendered":"<p>SPRING RUBBER<\/p>","protected":false},"excerpt":{"rendered":"<p>SPRING RUBBER<\/p>","protected":false},"featured_media":23030,"template":"","meta":[],"product_brand":[],"product_cat":[103],"product_tag":[],"class_list":{"0":"post-22628","1":"product","2":"type-product","3":"status-publish","4":"has-post-thumbnail","6":"product_cat-mercedes","8":"first","9":"instock","10":"shipping-taxable","11":"product-type-simple"},"_links":{"self":[{"href":"https:\/\/euroburc.com.tr\/en\/wp-json\/wp\/v2\/product\/22628","targetHints":{"allow":["GET"]}}],"collection":[{"href":"https:\/\/euroburc.com.tr\/en\/wp-json\/wp\/v2\/product"}],"about":[{"href":"https:\/\/euroburc.com.tr\/en\/wp-json\/wp\/v2\/types\/product"}],"version-history":[{"count":1,"href":"https:\/\/euroburc.com.tr\/en\/wp-json\/wp\/v2\/product\/22628\/revisions"}],"predecessor-version":[{"id":23031,"href":"https:\/\/euroburc.com.tr\/en\/wp-json\/wp\/v2\/product\/22628\/revisions\/23031"}],"wp:featuredmedia":[{"embeddable":true,"href":"https:\/\/euroburc.com.tr\/en\/wp-json\/wp\/v2\/media\/23030"}],"wp:attachment":[{"href":"https:\/\/euroburc.com.tr\/en\/wp-json\/wp\/v2\/media?parent=22628"}],"wp:term":[{"taxonomy":"product_brand","embeddable":true,"href":"https:\/\/euroburc.com.tr\/en\/wp-json\/wp\/v2\/product_brand?post=22628"},{"taxonomy":"product_cat","embeddable":true,"href":"https:\/\/euroburc.com.tr\/en\/wp-json\/wp\/v2\/product_cat?post=22628"},{"taxonomy":"product_tag","embeddable":true,"href":"https:\/\/euroburc.com.tr\/en\/wp-json\/wp\/v2\/product_tag?post=22628"}],"curies":[{"name":"wp","href":"https:\/\/api.w.org\/{rel}","templated":true}]}}