{"id":22629,"date":"2025-11-28T18:02:29","date_gmt":"2025-11-28T15:02:29","guid":{"rendered":"https:\/\/euroburc.com.tr\/urun\/makas-lastigi-7\/"},"modified":"2026-01-19T10:51:06","modified_gmt":"2026-01-19T07:51:06","slug":"makas-lastigi-7","status":"publish","type":"product","link":"https:\/\/euroburc.com.tr\/en\/product\/makas-lastigi-7\/","title":{"rendered":"C.01.0727 &#8211; MAKAS LAST\u0130\u011e\u0130"},"content":{"rendered":"<p>SPRING RUBBER<\/p>","protected":false},"excerpt":{"rendered":"<p>SPRING RUBBER<\/p>","protected":false},"featured_media":23042,"template":"","meta":[],"product_brand":[],"product_cat":[103],"product_tag":[],"class_list":{"0":"post-22629","1":"product","2":"type-product","3":"status-publish","4":"has-post-thumbnail","6":"product_cat-mercedes","8":"first","9":"instock","10":"shipping-taxable","11":"product-type-simple"},"_links":{"self":[{"href":"https:\/\/euroburc.com.tr\/en\/wp-json\/wp\/v2\/product\/22629","targetHints":{"allow":["GET"]}}],"collection":[{"href":"https:\/\/euroburc.com.tr\/en\/wp-json\/wp\/v2\/product"}],"about":[{"href":"https:\/\/euroburc.com.tr\/en\/wp-json\/wp\/v2\/types\/product"}],"version-history":[{"count":1,"href":"https:\/\/euroburc.com.tr\/en\/wp-json\/wp\/v2\/product\/22629\/revisions"}],"predecessor-version":[{"id":23033,"href":"https:\/\/euroburc.com.tr\/en\/wp-json\/wp\/v2\/product\/22629\/revisions\/23033"}],"wp:featuredmedia":[{"embeddable":true,"href":"https:\/\/euroburc.com.tr\/en\/wp-json\/wp\/v2\/media\/23042"}],"wp:attachment":[{"href":"https:\/\/euroburc.com.tr\/en\/wp-json\/wp\/v2\/media?parent=22629"}],"wp:term":[{"taxonomy":"product_brand","embeddable":true,"href":"https:\/\/euroburc.com.tr\/en\/wp-json\/wp\/v2\/product_brand?post=22629"},{"taxonomy":"product_cat","embeddable":true,"href":"https:\/\/euroburc.com.tr\/en\/wp-json\/wp\/v2\/product_cat?post=22629"},{"taxonomy":"product_tag","embeddable":true,"href":"https:\/\/euroburc.com.tr\/en\/wp-json\/wp\/v2\/product_tag?post=22629"}],"curies":[{"name":"wp","href":"https:\/\/api.w.org\/{rel}","templated":true}]}}