{"id":22693,"date":"2025-11-28T18:03:40","date_gmt":"2025-11-28T15:03:40","guid":{"rendered":"https:\/\/euroburc.com.tr\/urun\/makas-lastigi-9\/"},"modified":"2026-01-19T18:14:24","modified_gmt":"2026-01-19T15:14:24","slug":"makas-lastigi-9","status":"publish","type":"product","link":"https:\/\/euroburc.com.tr\/en\/product\/makas-lastigi-9\/","title":{"rendered":"C.04.0201 &#8211; MAKAS LAST\u0130\u011e\u0130"},"content":{"rendered":"<p>SPRING RUBBER<\/p>","protected":false},"excerpt":{"rendered":"<p>SPRING RUBBER<\/p>","protected":false},"featured_media":23189,"template":"","meta":[],"product_brand":[],"product_cat":[105],"product_tag":[],"class_list":{"0":"post-22693","1":"product","2":"type-product","3":"status-publish","4":"has-post-thumbnail","6":"product_cat-ford","8":"first","9":"instock","10":"shipping-taxable","11":"product-type-simple"},"_links":{"self":[{"href":"https:\/\/euroburc.com.tr\/en\/wp-json\/wp\/v2\/product\/22693","targetHints":{"allow":["GET"]}}],"collection":[{"href":"https:\/\/euroburc.com.tr\/en\/wp-json\/wp\/v2\/product"}],"about":[{"href":"https:\/\/euroburc.com.tr\/en\/wp-json\/wp\/v2\/types\/product"}],"version-history":[{"count":1,"href":"https:\/\/euroburc.com.tr\/en\/wp-json\/wp\/v2\/product\/22693\/revisions"}],"predecessor-version":[{"id":23190,"href":"https:\/\/euroburc.com.tr\/en\/wp-json\/wp\/v2\/product\/22693\/revisions\/23190"}],"wp:featuredmedia":[{"embeddable":true,"href":"https:\/\/euroburc.com.tr\/en\/wp-json\/wp\/v2\/media\/23189"}],"wp:attachment":[{"href":"https:\/\/euroburc.com.tr\/en\/wp-json\/wp\/v2\/media?parent=22693"}],"wp:term":[{"taxonomy":"product_brand","embeddable":true,"href":"https:\/\/euroburc.com.tr\/en\/wp-json\/wp\/v2\/product_brand?post=22693"},{"taxonomy":"product_cat","embeddable":true,"href":"https:\/\/euroburc.com.tr\/en\/wp-json\/wp\/v2\/product_cat?post=22693"},{"taxonomy":"product_tag","embeddable":true,"href":"https:\/\/euroburc.com.tr\/en\/wp-json\/wp\/v2\/product_tag?post=22693"}],"curies":[{"name":"wp","href":"https:\/\/api.w.org\/{rel}","templated":true}]}}