{"id":22869,"date":"2025-11-28T18:08:01","date_gmt":"2025-11-28T15:08:01","guid":{"rendered":"https:\/\/euroburc.com.tr\/urun\/direksiyon-rot-korugu\/"},"modified":"2026-01-20T08:03:46","modified_gmt":"2026-01-20T05:03:46","slug":"direksiyon-rot-korugu","status":"publish","type":"product","link":"https:\/\/euroburc.com.tr\/en\/product\/direksiyon-rot-korugu\/","title":{"rendered":"C.24.0801 &#8211; D\u0130REKS\u0130YON ROT K\u00d6R\u00dc\u011e\u00dc"},"content":{"rendered":"<p>STEERING BELLOW<\/p>","protected":false},"excerpt":{"rendered":"<p>STEERING BELLOW<\/p>","protected":false},"featured_media":0,"template":"","meta":[],"product_brand":[],"product_cat":[928],"product_tag":[],"class_list":{"0":"post-22869","1":"product","2":"type-product","3":"status-publish","5":"product_cat-volswagen","7":"first","8":"instock","9":"shipping-taxable","10":"product-type-simple"},"_links":{"self":[{"href":"https:\/\/euroburc.com.tr\/en\/wp-json\/wp\/v2\/product\/22869","targetHints":{"allow":["GET"]}}],"collection":[{"href":"https:\/\/euroburc.com.tr\/en\/wp-json\/wp\/v2\/product"}],"about":[{"href":"https:\/\/euroburc.com.tr\/en\/wp-json\/wp\/v2\/types\/product"}],"version-history":[{"count":1,"href":"https:\/\/euroburc.com.tr\/en\/wp-json\/wp\/v2\/product\/22869\/revisions"}],"predecessor-version":[{"id":23207,"href":"https:\/\/euroburc.com.tr\/en\/wp-json\/wp\/v2\/product\/22869\/revisions\/23207"}],"wp:attachment":[{"href":"https:\/\/euroburc.com.tr\/en\/wp-json\/wp\/v2\/media?parent=22869"}],"wp:term":[{"taxonomy":"product_brand","embeddable":true,"href":"https:\/\/euroburc.com.tr\/en\/wp-json\/wp\/v2\/product_brand?post=22869"},{"taxonomy":"product_cat","embeddable":true,"href":"https:\/\/euroburc.com.tr\/en\/wp-json\/wp\/v2\/product_cat?post=22869"},{"taxonomy":"product_tag","embeddable":true,"href":"https:\/\/euroburc.com.tr\/en\/wp-json\/wp\/v2\/product_tag?post=22869"}],"curies":[{"name":"wp","href":"https:\/\/api.w.org\/{rel}","templated":true}]}}